{"id":767,"date":"2016-01-17T21:09:34","date_gmt":"2016-01-17T21:09:34","guid":{"rendered":"https:\/\/villageorgiakalives.gr\/de\/?page_id=767"},"modified":"2019-06-20T18:13:32","modified_gmt":"2019-06-20T16:13:32","slug":"leistungen","status":"publish","type":"page","link":"https:\/\/villageorgiakalives.gr\/de\/leistungen\/","title":{"rendered":"Leistungen"},"content":{"rendered":"<div class=\"su-custom-gallery su-custom-gallery-align-left su-custom-gallery-title-never su-lightbox-gallery\"><div class=\"su-custom-gallery-slide\" style=\"width:275px;height:275px\"><a href=\"https:\/\/villageorgiakalives.gr\/wp-content\/uploads\/2019\/06\/Villa-Georgia0025.jpg\" title=\"Villa Georgia0025\"><img loading=\"lazy\" decoding=\"async\" src=\"https:\/\/villageorgiakalives.gr\/wp-content\/uploads\/2019\/06\/Villa-Georgia0025-275x275.jpg\" alt=\"Villa Georgia0025\" width=\"275\" height=\"275\" \/><span class=\"su-custom-gallery-title\">Villa Georgia0025<\/span><\/a><\/div><div class=\"su-custom-gallery-slide\" style=\"width:275px;height:275px\"><a href=\"https:\/\/villageorgiakalives.gr\/wp-content\/uploads\/2019\/06\/Villa-Georgia0019.jpg\" title=\"Villa Georgia0019\"><img loading=\"lazy\" decoding=\"async\" src=\"https:\/\/villageorgiakalives.gr\/wp-content\/uploads\/2019\/06\/Villa-Georgia0019-275x275.jpg\" alt=\"Villa Georgia0019\" width=\"275\" height=\"275\" \/><span class=\"su-custom-gallery-title\">Villa Georgia0019<\/span><\/a><\/div><div class=\"su-custom-gallery-slide\" style=\"width:275px;height:275px\"><a href=\"https:\/\/villageorgiakalives.gr\/wp-content\/uploads\/2019\/06\/Villa-Georgia0033.jpg\" title=\"Villa Georgia0033\"><img loading=\"lazy\" decoding=\"async\" src=\"https:\/\/villageorgiakalives.gr\/wp-content\/uploads\/2019\/06\/Villa-Georgia0033-275x275.jpg\" alt=\"Villa Georgia0033\" width=\"275\" height=\"275\" \/><span class=\"su-custom-gallery-title\">Villa Georgia0033<\/span><\/a><\/div><div class=\"su-clear\"><\/div><\/div>\n<h5>\u2022 freie Parkpl\u00e4tze<\/h5>\n<h5>\u2022 Freies Wi\u00adFi Internet auf dem Balkon des Apartements<\/h5>\n<h5>\u2022 Air Conditioner warm und kalt<\/h5>\n<h5>\u2022 Fernseher im Wohnzimmer jedes Apartments<\/h5>\n<h5>\u2022 t\u00e4gl. Reinigung (au\u00dfer Sonntag) Bettw\u00e4sche und Handt\u00fccher\u00a03 mal w\u00f6chentlich<\/h5>\n<h5>\u2022 B\u00fcgeleisen und B\u00fcgelbrett auf Anfrage<\/h5>\n<h5>\u2022 F\u00f6hn auf Anfrage<\/h5>\n<h5>\u2022 Alle Apartements sind unterschiedlich, lesen sie bitte die\u00a0Beschreibungen<\/h5>\n<h5>\u2022 Stellen Sie sicher das Ihr richtiges Apartement ausgew\u00e4hlt\u00a0haben. Ein Wechsel ist nur in Absprache und mit Ihrer\u00a0Zustimmung m\u00f6glich<\/h5>\n<h5>\u2022 Swimmingpool und Sonnenliegen am Pool frei<\/h5>\n<h5>\u2022 Begr\u00fc\u00dfungspaket am Ankunftstag mit: 1Fl. Wasser, Retsina,\u00a0Saft, Milch, Kaffee (Neskaffee oder Filter Kaffee) Zucker,\u00a0Tee, Butter, Marmelade, Honig, Brot<\/h5>\n<h5>\u2022 Bei Aufenthalt von mehr als einer Woche Waschmaschine\u00a0frei<\/h5>\n<h5>\u2022 Computer und Drucker in der Rezeption frei<\/h5>\n<h5>\u2022 G\u00e4steb\u00fccherei mit vielen B\u00fcchern in verschiedenen Sprachen\u00a0frei<\/h5>\n","protected":false},"excerpt":{"rendered":"<p>\u2022 freie Parkpl\u00e4tze \u2022 Freies Wi\u00adFi Internet auf dem Balkon des Apartements \u2022 Air Conditioner warm und kalt \u2022 Fernseher im Wohnzimmer jedes Apartments \u2022 t\u00e4gl. Reinigung (au\u00dfer Sonntag) Bettw\u00e4sche<\/p>\n","protected":false},"author":1,"featured_media":0,"parent":0,"menu_order":0,"comment_status":"closed","ping_status":"closed","template":"template-full-width.php","meta":{"footnotes":""},"class_list":["post-767","page","type-page","status-publish","hentry"],"_links":{"self":[{"href":"https:\/\/villageorgiakalives.gr\/de\/wp-json\/wp\/v2\/pages\/767","targetHints":{"allow":["GET"]}}],"collection":[{"href":"https:\/\/villageorgiakalives.gr\/de\/wp-json\/wp\/v2\/pages"}],"about":[{"href":"https:\/\/villageorgiakalives.gr\/de\/wp-json\/wp\/v2\/types\/page"}],"author":[{"embeddable":true,"href":"https:\/\/villageorgiakalives.gr\/de\/wp-json\/wp\/v2\/users\/1"}],"replies":[{"embeddable":true,"href":"https:\/\/villageorgiakalives.gr\/de\/wp-json\/wp\/v2\/comments?post=767"}],"version-history":[{"count":1,"href":"https:\/\/villageorgiakalives.gr\/de\/wp-json\/wp\/v2\/pages\/767\/revisions"}],"predecessor-version":[{"id":1923,"href":"https:\/\/villageorgiakalives.gr\/de\/wp-json\/wp\/v2\/pages\/767\/revisions\/1923"}],"wp:attachment":[{"href":"https:\/\/villageorgiakalives.gr\/de\/wp-json\/wp\/v2\/media?parent=767"}],"curies":[{"name":"wp","href":"https:\/\/api.w.org\/{rel}","templated":true}]}}