{"id":777,"date":"2016-01-17T21:33:24","date_gmt":"2016-01-17T21:33:24","guid":{"rendered":"https:\/\/villageorgiakalives.gr\/de\/?page_id=777"},"modified":"2022-03-17T18:49:14","modified_gmt":"2022-03-17T16:49:14","slug":"zusatzleistungen","status":"publish","type":"page","link":"https:\/\/villageorgiakalives.gr\/de\/zusatzleistungen\/","title":{"rendered":"Zusatzleistungen"},"content":{"rendered":"<p><img loading=\"lazy\" decoding=\"async\" class=\"alignnone wp-image-1893 size-large\" src=\"https:\/\/www.villageorgiakalives.gr\/wp-content\/uploads\/2019\/06\/Villa-Georgia0025-1024x684.jpg\" alt=\"Villa Georgia Kalives Chania\" width=\"1024\" height=\"684\" srcset=\"https:\/\/villageorgiakalives.gr\/wp-content\/uploads\/2019\/06\/Villa-Georgia0025.jpg 1024w, https:\/\/villageorgiakalives.gr\/wp-content\/uploads\/2019\/06\/Villa-Georgia0025-300x200.jpg 300w, https:\/\/villageorgiakalives.gr\/wp-content\/uploads\/2019\/06\/Villa-Georgia0025-768x513.jpg 768w\" sizes=\"auto, (max-width: 1024px) 100vw, 1024px\" \/><\/p>\n<ul>\n<li>\n<h5>Flughafentransfer von Chania oder Heraklion mit Taxi oder Minibus<\/h5>\n<\/li>\n<li>\n<h5>Organisation von individuellen Ausfl\u00fcgen wie \u2013 Samaria Schlucht, Elafonissi, Knossos Tauchen usw.<\/h5>\n<\/li>\n<\/ul>\n<h5><strong><u>Vermietung von Ferienh\u00e4usern<\/u><\/strong><\/h5>\n<h5><strong><u>H\u00e4user in Tsivaras<\/u><\/strong><\/h5>\n<h5>ca. 4km von Kalives Richtung Vamos\u00a0<strong>Tsivaras Villas <\/strong>sind drei H\u00e4user mit je 110 m2Wohnfl\u00e4che, gemeinsamen Swimmingpool (65 m\u00b2). Im Obergescho\u00df sind 2 Schlafzimmer und ein Badezimmer. Im Erdgescho\u00df ist das Wohnzimmer mit Kamin, die K\u00fcche und ein weiteres Bad.<\/h5>\n<div class=\"su-custom-gallery su-custom-gallery-align-left su-custom-gallery-title-never su-lightbox-gallery\"><div class=\"su-custom-gallery-slide\" style=\"width:135px;height:135px\"><a href=\"https:\/\/villageorgiakalives.gr\/wp-content\/uploads\/2016\/01\/58985882.jpg\" title=\"58985882\"><img loading=\"lazy\" decoding=\"async\" src=\"https:\/\/villageorgiakalives.gr\/wp-content\/uploads\/2016\/01\/58985882-135x135.jpg\" alt=\"58985882\" width=\"135\" height=\"135\" \/><span class=\"su-custom-gallery-title\">58985882<\/span><\/a><\/div><div class=\"su-custom-gallery-slide\" style=\"width:135px;height:135px\"><a href=\"https:\/\/villageorgiakalives.gr\/wp-content\/uploads\/2016\/01\/58986527.jpg\" title=\"58986527\"><img loading=\"lazy\" decoding=\"async\" src=\"https:\/\/villageorgiakalives.gr\/wp-content\/uploads\/2016\/01\/58986527-135x135.jpg\" alt=\"58986527\" width=\"135\" height=\"135\" \/><span class=\"su-custom-gallery-title\">58986527<\/span><\/a><\/div><div class=\"su-custom-gallery-slide\" style=\"width:135px;height:135px\"><a href=\"https:\/\/villageorgiakalives.gr\/wp-content\/uploads\/2016\/01\/58985231.jpg\" title=\"58985231\"><img loading=\"lazy\" decoding=\"async\" src=\"https:\/\/villageorgiakalives.gr\/wp-content\/uploads\/2016\/01\/58985231-135x135.jpg\" alt=\"58985231\" width=\"135\" height=\"135\" \/><span class=\"su-custom-gallery-title\">58985231<\/span><\/a><\/div><div class=\"su-custom-gallery-slide\" style=\"width:135px;height:135px\"><a href=\"https:\/\/villageorgiakalives.gr\/wp-content\/uploads\/2016\/01\/58996565.jpg\" title=\"58996565\"><img loading=\"lazy\" decoding=\"async\" src=\"https:\/\/villageorgiakalives.gr\/wp-content\/uploads\/2016\/01\/58996565-135x135.jpg\" alt=\"58996565\" width=\"135\" height=\"135\" \/><span class=\"su-custom-gallery-title\">58996565<\/span><\/a><\/div><div class=\"su-clear\"><\/div><\/div>\n<h5><strong>Leistungen:<\/strong><\/h5>\n<ul>\n<li>\n<h5>Air condition in allen R\u00e4umen<\/h5>\n<\/li>\n<li>\n<h5>B\u00fcgeleisen und B\u00fcgelbrett<\/h5>\n<\/li>\n<li>\n<h5>Safe<\/h5>\n<\/li>\n<li>\n<h5>Fernseher im Wohnzimmer. K\u00fchlschrank Wasserkocher, Kaffeemaschine, Toaster<\/h5>\n<\/li>\n<li>\n<h5>WI FI Internet<\/h5>\n<\/li>\n<li>\n<h5>freie Parkpl\u00e4tze<\/h5>\n<\/li>\n<li>\n<h5>Begr\u00fc\u00dfungspaket am Ankunftstag<\/h5>\n<\/li>\n<\/ul>\n<h5><strong style=\"font-size: 16px;\">Haus Mesochoria <\/strong><span style=\"font-size: 16px;\">liegt auch in Tsivaras. Es hat eine Fl\u00e4che von 140 m\u00b2. Einen eigenen Swimmingpool mit 30 m\u00b2. Im Obergescho\u00df befinden sich 3 Schlafzimmer und ein Badezimmer, Im Erdgescho\u00df ist das Wohnzimmer, die K\u00fcche und ein weiteres Badezimmer.<\/span><\/h5>\n<div class=\"su-custom-gallery su-custom-gallery-align-left su-custom-gallery-title-never su-lightbox-gallery\"><div class=\"su-custom-gallery-slide\" style=\"width:135px;height:135px\"><a href=\"https:\/\/villageorgiakalives.gr\/wp-content\/uploads\/2016\/01\/villa-mesochoria-2.jpg\" title=\"villa-mesochoria-2\"><img loading=\"lazy\" decoding=\"async\" src=\"https:\/\/villageorgiakalives.gr\/wp-content\/uploads\/2016\/01\/villa-mesochoria-2-135x135.jpg\" alt=\"villa-mesochoria-2\" width=\"135\" height=\"135\" \/><span class=\"su-custom-gallery-title\">villa-mesochoria-2<\/span><\/a><\/div><div class=\"su-custom-gallery-slide\" style=\"width:135px;height:135px\"><a href=\"https:\/\/villageorgiakalives.gr\/wp-content\/uploads\/2016\/01\/villa-mesochoria-1.jpg\" title=\"villa-mesochoria-1\"><img loading=\"lazy\" decoding=\"async\" src=\"https:\/\/villageorgiakalives.gr\/wp-content\/uploads\/2016\/01\/villa-mesochoria-1-135x135.jpg\" alt=\"villa-mesochoria-1\" width=\"135\" height=\"135\" \/><span class=\"su-custom-gallery-title\">villa-mesochoria-1<\/span><\/a><\/div><div class=\"su-custom-gallery-slide\" style=\"width:135px;height:135px\"><a href=\"https:\/\/villageorgiakalives.gr\/wp-content\/uploads\/2016\/01\/villa-mesochoria-4.jpg\" title=\"villa-mesochoria-4\"><img loading=\"lazy\" decoding=\"async\" src=\"https:\/\/villageorgiakalives.gr\/wp-content\/uploads\/2016\/01\/villa-mesochoria-4-135x135.jpg\" alt=\"villa-mesochoria-4\" width=\"135\" height=\"135\" \/><span class=\"su-custom-gallery-title\">villa-mesochoria-4<\/span><\/a><\/div><div class=\"su-custom-gallery-slide\" style=\"width:135px;height:135px\"><a href=\"https:\/\/villageorgiakalives.gr\/wp-content\/uploads\/2016\/01\/villa-mesochoria-3.jpg\" title=\"villa-mesochoria-3\"><img loading=\"lazy\" decoding=\"async\" src=\"https:\/\/villageorgiakalives.gr\/wp-content\/uploads\/2016\/01\/villa-mesochoria-3-135x135.jpg\" alt=\"villa-mesochoria-3\" width=\"135\" height=\"135\" \/><span class=\"su-custom-gallery-title\">villa-mesochoria-3<\/span><\/a><\/div><div class=\"su-clear\"><\/div><\/div>\n<h5><strong>Leistungen:<\/strong><\/h5>\n<ul>\n<li>\n<h5>Air condition in allen R\u00e4umen<\/h5>\n<\/li>\n<li>\n<h5>B\u00fcgeleisen und B\u00fcgelbrett<\/h5>\n<\/li>\n<li>\n<h5>Safe<\/h5>\n<\/li>\n<li>\n<h5>Fernseher im Wohnzimmer. K\u00fchlschrank Wasserkocher, Kaffeemaschine, Toaster<\/h5>\n<\/li>\n<li>\n<h5>WI FI Internet<\/h5>\n<\/li>\n<li>\n<h5>freie Parkpl\u00e4tze<\/h5>\n<\/li>\n<li>\n<h5>Begr\u00fc\u00dfungspaket am Ankunftstag<\/h5>\n<\/li>\n<\/ul>\n","protected":false},"excerpt":{"rendered":"<p>Flughafentransfer von Chania oder Heraklion mit Taxi oder Minibus Organisation von individuellen Ausfl\u00fcgen wie \u2013 Samaria Schlucht, Elafonissi, Knossos Tauchen usw. Vermietung von Ferienh\u00e4usern H\u00e4user in Tsivaras ca. 4km von<\/p>\n","protected":false},"author":1,"featured_media":0,"parent":0,"menu_order":0,"comment_status":"closed","ping_status":"closed","template":"","meta":{"footnotes":""},"class_list":["post-777","page","type-page","status-publish","hentry"],"_links":{"self":[{"href":"https:\/\/villageorgiakalives.gr\/de\/wp-json\/wp\/v2\/pages\/777","targetHints":{"allow":["GET"]}}],"collection":[{"href":"https:\/\/villageorgiakalives.gr\/de\/wp-json\/wp\/v2\/pages"}],"about":[{"href":"https:\/\/villageorgiakalives.gr\/de\/wp-json\/wp\/v2\/types\/page"}],"author":[{"embeddable":true,"href":"https:\/\/villageorgiakalives.gr\/de\/wp-json\/wp\/v2\/users\/1"}],"replies":[{"embeddable":true,"href":"https:\/\/villageorgiakalives.gr\/de\/wp-json\/wp\/v2\/comments?post=777"}],"version-history":[{"count":2,"href":"https:\/\/villageorgiakalives.gr\/de\/wp-json\/wp\/v2\/pages\/777\/revisions"}],"predecessor-version":[{"id":2019,"href":"https:\/\/villageorgiakalives.gr\/de\/wp-json\/wp\/v2\/pages\/777\/revisions\/2019"}],"wp:attachment":[{"href":"https:\/\/villageorgiakalives.gr\/de\/wp-json\/wp\/v2\/media?parent=777"}],"curies":[{"name":"wp","href":"https:\/\/api.w.org\/{rel}","templated":true}]}}