{"id":889,"date":"2016-03-27T17:52:50","date_gmt":"2016-03-27T17:52:50","guid":{"rendered":"https:\/\/www.villageorgiakalives.gr\/fi\/?page_id=889"},"modified":"2019-06-20T18:12:53","modified_gmt":"2019-06-20T16:12:53","slug":"edut","status":"publish","type":"page","link":"https:\/\/villageorgiakalives.gr\/fi\/edut\/","title":{"rendered":"Edut"},"content":{"rendered":"<div class=\"su-custom-gallery su-custom-gallery-align-left su-custom-gallery-title-never su-lightbox-gallery\"><div class=\"su-custom-gallery-slide\" style=\"width:275px;height:275px\"><a href=\"https:\/\/villageorgiakalives.gr\/wp-content\/uploads\/2019\/06\/Villa-Georgia0025.jpg\" title=\"Villa Georgia0025\"><img loading=\"lazy\" decoding=\"async\" src=\"https:\/\/villageorgiakalives.gr\/wp-content\/uploads\/2019\/06\/Villa-Georgia0025-275x275.jpg\" alt=\"Villa Georgia0025\" width=\"275\" height=\"275\" \/><span class=\"su-custom-gallery-title\">Villa Georgia0025<\/span><\/a><\/div><div class=\"su-custom-gallery-slide\" style=\"width:275px;height:275px\"><a href=\"https:\/\/villageorgiakalives.gr\/wp-content\/uploads\/2019\/06\/Villa-Georgia0019.jpg\" title=\"Villa Georgia0019\"><img loading=\"lazy\" decoding=\"async\" src=\"https:\/\/villageorgiakalives.gr\/wp-content\/uploads\/2019\/06\/Villa-Georgia0019-275x275.jpg\" alt=\"Villa Georgia0019\" width=\"275\" height=\"275\" \/><span class=\"su-custom-gallery-title\">Villa Georgia0019<\/span><\/a><\/div><div class=\"su-custom-gallery-slide\" style=\"width:275px;height:275px\"><a href=\"https:\/\/villageorgiakalives.gr\/wp-content\/uploads\/2019\/06\/Villa-Georgia0033.jpg\" title=\"Villa Georgia0033\"><img loading=\"lazy\" decoding=\"async\" src=\"https:\/\/villageorgiakalives.gr\/wp-content\/uploads\/2019\/06\/Villa-Georgia0033-275x275.jpg\" alt=\"Villa Georgia0033\" width=\"275\" height=\"275\" \/><span class=\"su-custom-gallery-title\">Villa Georgia0033<\/span><\/a><\/div><div class=\"su-clear\"><\/div><\/div>\n<ul>\n<li>\n<h5>\u00a0Ilmainen pys\u00e4k\u00f6inti<\/h5>\n<\/li>\n<li>\n<h5>Ilmainen Wi-Fi Parvekkeella joka huoneistossa<\/h5>\n<\/li>\n<li>\n<h5>\u00a0Ilmainen ilmastointi<\/h5>\n<\/li>\n<li>\n<h5>Kaikissa huoneistoissa TV<\/h5>\n<\/li>\n<li>\n<h5>\u00a0Huoneen siivous (ma-la) lakanoiden vaihto joka kolmas p\u00e4iv\u00e4<\/h5>\n<\/li>\n<li>\n<h5>Silitysrauta ja \u2013 lauta k\u00e4ytett\u00e4viss\u00e4 pyynn\u00f6st\u00e4<\/h5>\n<\/li>\n<li>\n<h5>\u00a0Hiustenkuivaaja k\u00e4ytett\u00e4viss\u00e4 pyynn\u00f6st\u00e4<\/h5>\n<\/li>\n<li>\n<h5>\u00a0Jokainen huoneisto on yksil\u00f6llinen- tarkemmat kuvaukset huoneistokuvauksista<\/h5>\n<\/li>\n<li>\n<h5>Varaus vahvisteaan aina valittuun huoneistoon ja huoneistoa ei vaihdeta ilman erillist\u00e4 sopimusta<\/h5>\n<\/li>\n<li>\n<h5>Uima-allas ja aurinkotuolit asukkaiden k\u00e4yt\u00f6ss\u00e4<\/h5>\n<\/li>\n<li>\n<h5>\u00a0Tervetulopaketti saapumisp\u00e4iv\u00e4n\u00e4: pullo vett\u00e4 1l, retsina, mehua 1l, maitoa 1l, kahvia ( joko suodatinkahvia tai murukahvia), sokeria, teet\u00e4, voita, marmelaadia, hunajaa, korppuja tai leip\u00e4\u00e4.<\/h5>\n<\/li>\n<li>\n<h5>Pesukone k\u00e4ytett\u00e4viss\u00e4 kerran viikossa.<\/h5>\n<\/li>\n<li>\n<h5>\u00a0Tietokone ja tulostin asukkaitten k\u00e4yt\u00f6ss\u00e4 vastaanotossa<\/h5>\n<\/li>\n<li>\n<h5>Kirjastohuone, jossa on laaja valikoima kreikkalaista ja kansainv\u00e4list\u00e4 kirjallisuutta eri kielill\u00e4 (mm. suomeksi, ruotsiksi, saksaksi ja englanniksi). Kirjat ovat asukkaitten vapaasti lainattavissa tai vaihdettavissa<\/h5>\n<\/li>\n<\/ul>\n","protected":false},"excerpt":{"rendered":"<p>\u00a0Ilmainen pys\u00e4k\u00f6inti Ilmainen Wi-Fi Parvekkeella joka huoneistossa \u00a0Ilmainen ilmastointi Kaikissa huoneistoissa TV \u00a0Huoneen siivous (ma-la) lakanoiden vaihto joka kolmas p\u00e4iv\u00e4 Silitysrauta ja \u2013 lauta k\u00e4ytett\u00e4viss\u00e4 pyynn\u00f6st\u00e4 \u00a0Hiustenkuivaaja k\u00e4ytett\u00e4viss\u00e4 pyynn\u00f6st\u00e4 \u00a0Jokainen<\/p>\n","protected":false},"author":1,"featured_media":0,"parent":0,"menu_order":0,"comment_status":"closed","ping_status":"closed","template":"template-full-width.php","meta":{"footnotes":""},"class_list":["post-889","page","type-page","status-publish","hentry"],"_links":{"self":[{"href":"https:\/\/villageorgiakalives.gr\/fi\/wp-json\/wp\/v2\/pages\/889","targetHints":{"allow":["GET"]}}],"collection":[{"href":"https:\/\/villageorgiakalives.gr\/fi\/wp-json\/wp\/v2\/pages"}],"about":[{"href":"https:\/\/villageorgiakalives.gr\/fi\/wp-json\/wp\/v2\/types\/page"}],"author":[{"embeddable":true,"href":"https:\/\/villageorgiakalives.gr\/fi\/wp-json\/wp\/v2\/users\/1"}],"replies":[{"embeddable":true,"href":"https:\/\/villageorgiakalives.gr\/fi\/wp-json\/wp\/v2\/comments?post=889"}],"version-history":[{"count":1,"href":"https:\/\/villageorgiakalives.gr\/fi\/wp-json\/wp\/v2\/pages\/889\/revisions"}],"predecessor-version":[{"id":1921,"href":"https:\/\/villageorgiakalives.gr\/fi\/wp-json\/wp\/v2\/pages\/889\/revisions\/1921"}],"wp:attachment":[{"href":"https:\/\/villageorgiakalives.gr\/fi\/wp-json\/wp\/v2\/media?parent=889"}],"curies":[{"name":"wp","href":"https:\/\/api.w.org\/{rel}","templated":true}]}}