{"id":901,"date":"2016-03-27T18:05:20","date_gmt":"2016-03-27T18:05:20","guid":{"rendered":"https:\/\/www.villageorgiakalives.gr\/fi\/?page_id=901"},"modified":"2022-03-17T18:52:20","modified_gmt":"2022-03-17T16:52:20","slug":"yhteenveto","status":"publish","type":"page","link":"https:\/\/villageorgiakalives.gr\/fi\/yhteenveto\/","title":{"rendered":"Yhteenveto"},"content":{"rendered":"<h5><div class=\"su-custom-gallery su-custom-gallery-align-left su-custom-gallery-title-never su-lightbox-gallery\"><div class=\"su-custom-gallery-slide\" style=\"width:275px;height:275px\"><a href=\"https:\/\/villageorgiakalives.gr\/wp-content\/uploads\/2019\/06\/Villa-Georgia0025.jpg\" title=\"Villa Georgia0025\"><img loading=\"lazy\" decoding=\"async\" src=\"https:\/\/villageorgiakalives.gr\/wp-content\/uploads\/2019\/06\/Villa-Georgia0025-275x275.jpg\" alt=\"Villa Georgia0025\" width=\"275\" height=\"275\" \/><span class=\"su-custom-gallery-title\">Villa Georgia0025<\/span><\/a><\/div><div class=\"su-custom-gallery-slide\" style=\"width:275px;height:275px\"><a href=\"https:\/\/villageorgiakalives.gr\/wp-content\/uploads\/2019\/06\/Villa-Georgia0019.jpg\" title=\"Villa Georgia0019\"><img loading=\"lazy\" decoding=\"async\" src=\"https:\/\/villageorgiakalives.gr\/wp-content\/uploads\/2019\/06\/Villa-Georgia0019-275x275.jpg\" alt=\"Villa Georgia0019\" width=\"275\" height=\"275\" \/><span class=\"su-custom-gallery-title\">Villa Georgia0019<\/span><\/a><\/div><div class=\"su-custom-gallery-slide\" style=\"width:275px;height:275px\"><a href=\"https:\/\/villageorgiakalives.gr\/wp-content\/uploads\/2019\/06\/Villa-Georgia0033.jpg\" title=\"Villa Georgia0033\"><img loading=\"lazy\" decoding=\"async\" src=\"https:\/\/villageorgiakalives.gr\/wp-content\/uploads\/2019\/06\/Villa-Georgia0033-275x275.jpg\" alt=\"Villa Georgia0033\" width=\"275\" height=\"275\" \/><span class=\"su-custom-gallery-title\">Villa Georgia0033<\/span><\/a><\/div><div class=\"su-clear\"><\/div><\/div><\/h5>\n<h5>Villa Georgian perinteiset huoneistot sijaitsevat Kalivesin kyl\u00e4ss\u00e4 17 km Haninan kaupungista, 20 km Rethimonin kaupungista, 10 minuutin ajomatkan p\u00e4\u00e4ss\u00e4 Soudan satamasta, 20 mninuutin ajomatkan p\u00e4\u00e4ss\u00e4 Hanian lentokent\u00e4lt\u00e4 ja vain 100m hiekkarannalta. Kaupat, pankit ja muut palvelut, sijaitsevat kyl\u00e4n keskustassa vain 5 minuutin k\u00e4velymatkan p\u00e4\u00e4ss\u00e4. My\u00f6s bussit Haniaan ja l\u00e4hikyliin kulkevat kyl\u00e4n keskustan kautta. Villa Georgia sijaitsee m\u00e4enrinteess\u00e4 muutaman minuutin k\u00e4velymatkan p\u00e4\u00e4ss\u00e4 lapsiyst\u00e4v\u00e4llisest\u00e4 hiekkarannasta. Huoneistot on sisustettu perinteiseen tyyliin ja niist\u00e4 avautuu kaunis n\u00e4kym\u00e4 sek\u00e4 merelle yli Kalivesin kyl\u00e4n, ett\u00e4 Valkoisille vuorille kyl\u00e4n takana<\/h5>\n<ul>\n<li>\n<h5>Sis\u00e4\u00e4nkirjautuminen: klo 14:00<\/h5>\n<\/li>\n<li>\n<h5>Uloskirjautuminen: klo 11:00<\/h5>\n<\/li>\n<li>\n<h5>Olemme toimineet 26 vuotta kehitt\u00e4en toimintaamme jatkuvasti.<\/h5>\n<\/li>\n<li>\n<h5>Pyyd\u00e4mme ilmoittamaan saapumisaikatalunne, jotta voimme j\u00e4rjest\u00e4\u00e4 vastaanottonne ja esitell\u00e4 hotellin teille saapuessanne.<\/h5>\n<\/li>\n<li>\n<h5>Hinnat sis\u00e4lt\u00e4v\u00e4t arvonlis\u00e4veron ja kaikki muut huonekuvauksessa mainitut palvelut<\/h5>\n<\/li>\n<li>\n<h5>Ei lemmikkiel\u00e4imi\u00e4<\/h5>\n<\/li>\n<\/ul>\n","protected":false},"excerpt":{"rendered":"<p>Villa Georgian perinteiset huoneistot sijaitsevat Kalivesin kyl\u00e4ss\u00e4 17 km Haninan kaupungista, 20 km Rethimonin kaupungista, 10 minuutin ajomatkan p\u00e4\u00e4ss\u00e4 Soudan satamasta, 20 mninuutin ajomatkan p\u00e4\u00e4ss\u00e4 Hanian lentokent\u00e4lt\u00e4 ja vain 100m<\/p>\n","protected":false},"author":1,"featured_media":0,"parent":0,"menu_order":0,"comment_status":"closed","ping_status":"closed","template":"template-full-width.php","meta":{"footnotes":""},"class_list":["post-901","page","type-page","status-publish","hentry"],"_links":{"self":[{"href":"https:\/\/villageorgiakalives.gr\/fi\/wp-json\/wp\/v2\/pages\/901","targetHints":{"allow":["GET"]}}],"collection":[{"href":"https:\/\/villageorgiakalives.gr\/fi\/wp-json\/wp\/v2\/pages"}],"about":[{"href":"https:\/\/villageorgiakalives.gr\/fi\/wp-json\/wp\/v2\/types\/page"}],"author":[{"embeddable":true,"href":"https:\/\/villageorgiakalives.gr\/fi\/wp-json\/wp\/v2\/users\/1"}],"replies":[{"embeddable":true,"href":"https:\/\/villageorgiakalives.gr\/fi\/wp-json\/wp\/v2\/comments?post=901"}],"version-history":[{"count":2,"href":"https:\/\/villageorgiakalives.gr\/fi\/wp-json\/wp\/v2\/pages\/901\/revisions"}],"predecessor-version":[{"id":2023,"href":"https:\/\/villageorgiakalives.gr\/fi\/wp-json\/wp\/v2\/pages\/901\/revisions\/2023"}],"wp:attachment":[{"href":"https:\/\/villageorgiakalives.gr\/fi\/wp-json\/wp\/v2\/media?parent=901"}],"curies":[{"name":"wp","href":"https:\/\/api.w.org\/{rel}","templated":true}]}}