{"id":931,"date":"2016-06-04T21:54:35","date_gmt":"2016-06-04T21:54:35","guid":{"rendered":"https:\/\/www.villageorgiakalives.gr\/fr\/?page_id=931"},"modified":"2019-06-20T18:13:11","modified_gmt":"2019-06-20T16:13:11","slug":"prestations","status":"publish","type":"page","link":"https:\/\/villageorgiakalives.gr\/fr\/prestations\/","title":{"rendered":"Prestations"},"content":{"rendered":"<div class=\"su-custom-gallery su-custom-gallery-align-left su-custom-gallery-title-never su-lightbox-gallery\"><div class=\"su-custom-gallery-slide\" style=\"width:275px;height:275px\"><a href=\"https:\/\/villageorgiakalives.gr\/wp-content\/uploads\/2019\/06\/Villa-Georgia0025.jpg\" title=\"Villa Georgia0025\"><img loading=\"lazy\" decoding=\"async\" src=\"https:\/\/villageorgiakalives.gr\/wp-content\/uploads\/2019\/06\/Villa-Georgia0025-275x275.jpg\" alt=\"Villa Georgia0025\" width=\"275\" height=\"275\" \/><span class=\"su-custom-gallery-title\">Villa Georgia0025<\/span><\/a><\/div><div class=\"su-custom-gallery-slide\" style=\"width:275px;height:275px\"><a href=\"https:\/\/villageorgiakalives.gr\/wp-content\/uploads\/2019\/06\/Villa-Georgia0019.jpg\" title=\"Villa Georgia0019\"><img loading=\"lazy\" decoding=\"async\" src=\"https:\/\/villageorgiakalives.gr\/wp-content\/uploads\/2019\/06\/Villa-Georgia0019-275x275.jpg\" alt=\"Villa Georgia0019\" width=\"275\" height=\"275\" \/><span class=\"su-custom-gallery-title\">Villa Georgia0019<\/span><\/a><\/div><div class=\"su-custom-gallery-slide\" style=\"width:275px;height:275px\"><a href=\"https:\/\/villageorgiakalives.gr\/wp-content\/uploads\/2019\/06\/Villa-Georgia0033.jpg\" title=\"Villa Georgia0033\"><img loading=\"lazy\" decoding=\"async\" src=\"https:\/\/villageorgiakalives.gr\/wp-content\/uploads\/2019\/06\/Villa-Georgia0033-275x275.jpg\" alt=\"Villa Georgia0033\" width=\"275\" height=\"275\" \/><span class=\"su-custom-gallery-title\">Villa Georgia0033<\/span><\/a><\/div><div class=\"su-clear\"><\/div><\/div>\n<ul>\n<li>\n<h5>Place de stationnement priv\u00e9e gratuite<\/h5>\n<\/li>\n<li>\n<h5>Internet sans fil gratuit au balcon de votre chambre<\/h5>\n<\/li>\n<li>\n<h5>Climatisation gratuite (r\u00e9chauffement \u2013 refroidissement)<\/h5>\n<\/li>\n<li>\n<h5>T\u00e9l\u00e9vision dans la salle de s\u00e9jour de chaque appartement<\/h5>\n<\/li>\n<li>\n<h5>M\u00e9nage tous les jours, sauf le dimanche, et changement de draps tous les trois jours<\/h5>\n<\/li>\n<li>\n<h5>Fer et table \u00e0 repasser, \u00e0 la demande du client<\/h5>\n<\/li>\n<li>\n<h5>S\u00e8che-cheveux, \u00e0 la demande du client<\/h5>\n<\/li>\n<li>\n<h5>Puisque chaque appartement est diff\u00e9rent et comprend des prestations suppl\u00e9mentaires, vous \u00eates pri\u00e9s de lire la description de chacun d\u2019eux<\/h5>\n<\/li>\n<li>\n<h5>Nous nous engageons \u00e0 vous procurer durant votre s\u00e9jour en notre h\u00f4tel le m\u00eame appartement que vous aurez choisi. En cas extraordinaire de changement d\u2019appartement, celui-ci s\u2019effectue seulement apr\u00e8s que vous \u00eates inform\u00e9s et suivant votre accord.<\/h5>\n<\/li>\n<li>\n<h5>Usage de la piscine et des chaises longues gratuit<\/h5>\n<\/li>\n<li>\n<h5>Corbeille d\u2019hospitalit\u00e9 gratuite. La corbeille comprend: de l\u2019eau min\u00e9rale, du vin r\u00e9sin\u00e9, du jus de fruit (1 ltr.), du lait frais (1 ltr.), du caf\u00e9 (moulu ou instantan\u00e9), du sucre, du th\u00e9, du beurre, de la confiture, du miel, des biscottes ou du pain frais.<\/h5>\n<\/li>\n<li>\n<h5>Usage de la machine \u00e0 laver<\/h5>\n<\/li>\n<li>\n<h5>Un usage de la machine \u00e0 laver gratuit par des clients dont le s\u00e9jour va durer \u00e0 partir de huit jours<\/h5>\n<\/li>\n<li>\n<h5>Usage gratuit de l\u2019ordinateur et de l\u2019imprimante en la r\u00e9ception de l\u2019h\u00f4tel.<\/h5>\n<\/li>\n<li>\n<h5>Acc\u00e8s libre \u00e0 la biblioth\u00e8que, riche en livres tant en langues \u00e9trang\u00e8res que grecques durant votre s\u00e9jour entier.<\/h5>\n<\/li>\n<\/ul>\n","protected":false},"excerpt":{"rendered":"<p>Place de stationnement priv\u00e9e gratuite Internet sans fil gratuit au balcon de votre chambre Climatisation gratuite (r\u00e9chauffement \u2013 refroidissement) T\u00e9l\u00e9vision dans la salle de s\u00e9jour de chaque appartement M\u00e9nage tous<\/p>\n","protected":false},"author":1,"featured_media":0,"parent":0,"menu_order":0,"comment_status":"closed","ping_status":"closed","template":"template-full-width.php","meta":{"footnotes":""},"class_list":["post-931","page","type-page","status-publish","hentry"],"_links":{"self":[{"href":"https:\/\/villageorgiakalives.gr\/fr\/wp-json\/wp\/v2\/pages\/931","targetHints":{"allow":["GET"]}}],"collection":[{"href":"https:\/\/villageorgiakalives.gr\/fr\/wp-json\/wp\/v2\/pages"}],"about":[{"href":"https:\/\/villageorgiakalives.gr\/fr\/wp-json\/wp\/v2\/types\/page"}],"author":[{"embeddable":true,"href":"https:\/\/villageorgiakalives.gr\/fr\/wp-json\/wp\/v2\/users\/1"}],"replies":[{"embeddable":true,"href":"https:\/\/villageorgiakalives.gr\/fr\/wp-json\/wp\/v2\/comments?post=931"}],"version-history":[{"count":1,"href":"https:\/\/villageorgiakalives.gr\/fr\/wp-json\/wp\/v2\/pages\/931\/revisions"}],"predecessor-version":[{"id":1922,"href":"https:\/\/villageorgiakalives.gr\/fr\/wp-json\/wp\/v2\/pages\/931\/revisions\/1922"}],"wp:attachment":[{"href":"https:\/\/villageorgiakalives.gr\/fr\/wp-json\/wp\/v2\/media?parent=931"}],"curies":[{"name":"wp","href":"https:\/\/api.w.org\/{rel}","templated":true}]}}