{"id":939,"date":"2016-06-04T22:15:38","date_gmt":"2016-06-04T22:15:38","guid":{"rendered":"https:\/\/www.villageorgiakalives.gr\/fr\/?page_id=939"},"modified":"2022-03-17T18:52:53","modified_gmt":"2022-03-17T16:52:53","slug":"information-utile","status":"publish","type":"page","link":"https:\/\/villageorgiakalives.gr\/fr\/information-utile\/","title":{"rendered":"Information utile"},"content":{"rendered":"<h5><div class=\"su-custom-gallery su-custom-gallery-align-left su-custom-gallery-title-never su-lightbox-gallery\"><div class=\"su-custom-gallery-slide\" style=\"width:275px;height:275px\"><a href=\"https:\/\/villageorgiakalives.gr\/wp-content\/uploads\/2019\/06\/Villa-Georgia0025.jpg\" title=\"Villa Georgia0025\"><img loading=\"lazy\" decoding=\"async\" src=\"https:\/\/villageorgiakalives.gr\/wp-content\/uploads\/2019\/06\/Villa-Georgia0025-275x275.jpg\" alt=\"Villa Georgia0025\" width=\"275\" height=\"275\" \/><span class=\"su-custom-gallery-title\">Villa Georgia0025<\/span><\/a><\/div><div class=\"su-custom-gallery-slide\" style=\"width:275px;height:275px\"><a href=\"https:\/\/villageorgiakalives.gr\/wp-content\/uploads\/2019\/06\/Villa-Georgia0019.jpg\" title=\"Villa Georgia0019\"><img loading=\"lazy\" decoding=\"async\" src=\"https:\/\/villageorgiakalives.gr\/wp-content\/uploads\/2019\/06\/Villa-Georgia0019-275x275.jpg\" alt=\"Villa Georgia0019\" width=\"275\" height=\"275\" \/><span class=\"su-custom-gallery-title\">Villa Georgia0019<\/span><\/a><\/div><div class=\"su-custom-gallery-slide\" style=\"width:275px;height:275px\"><a href=\"https:\/\/villageorgiakalives.gr\/wp-content\/uploads\/2019\/06\/Villa-Georgia0033.jpg\" title=\"Villa Georgia0033\"><img loading=\"lazy\" decoding=\"async\" src=\"https:\/\/villageorgiakalives.gr\/wp-content\/uploads\/2019\/06\/Villa-Georgia0033-275x275.jpg\" alt=\"Villa Georgia0033\" width=\"275\" height=\"275\" \/><span class=\"su-custom-gallery-title\">Villa Georgia0033<\/span><\/a><\/div><div class=\"su-clear\"><\/div><\/div><\/h5>\n<h5>La \u2018Villa Georgia\u2019, un ensemble des appartements traditionnels avec beaucoup de commodit\u00e9s modernes, se trouve dans le village de Kalyves, \u00e0 17km de la ville de La Can\u00e9e et \u00e0 20km de la ville de R\u00e9thymno. D\u2019ailleurs, une distance de 10 minutes par voiture la s\u00e9pare du port de Souda et, pareillement, 20 minutes de l\u2019a\u00e9roport de La Can\u00e9e. Seulement 100 m la s\u00e9pare aussi de la plage sablonneuse. Finalement, une distance d\u2019\u00e0 peine cinq minutes \u00e0 pied s\u00e9pare l\u2019h\u00f4tel du centre du village o\u00f9 on trouve des minimarch\u00e9s, des tavernes, des banques, le bureau de poste, des boulangeries, des caf\u00e9t\u00e9rias, des magasins de commerce \u00a0et l\u2019arr\u00eat d\u2019autobus. La \u2018Villa Georgia\u2019 est situ\u00e9e au flanc paisible du coteau qui s\u2019\u00e9l\u00e8ve au-dessus du village et elle a une perspective illimit\u00e9e sur la montagne et la mer.<\/h5>\n<ul>\n<li>\n<h5>Check in: 14:00pm<\/h5>\n<\/li>\n<li>\n<h5>Check out: 11:00am.<\/h5>\n<\/li>\n<li>\n<h5>Nous fonctionnons depuis 26 ans dans ce domaine en combinant r\u00e9novation continuelle et exp\u00e9rience.<\/h5>\n<\/li>\n<li>\n<h5>Vous \u00eates pri\u00e9s de nous informer en ce qui concerne l\u2019heure pr\u00e9vue de votre arriv\u00e9e. On va vous guider pour que vous trouviez l\u2019h\u00f4tel et \u00a0vous accueillir n\u2019importe quand vous arriveriez.<\/h5>\n<\/li>\n<li>\n<h5>L\u2019IVA, autant que toutes les prestations sont comprises dans nos prix.<\/h5>\n<\/li>\n<li>\n<h5>Les animaux familiers ne sont pas permis<\/h5>\n<\/li>\n<\/ul>\n","protected":false},"excerpt":{"rendered":"<p>La \u2018Villa Georgia\u2019, un ensemble des appartements traditionnels avec beaucoup de commodit\u00e9s modernes, se trouve dans le village de Kalyves, \u00e0 17km de la ville de La Can\u00e9e et \u00e0<\/p>\n","protected":false},"author":1,"featured_media":0,"parent":0,"menu_order":0,"comment_status":"closed","ping_status":"closed","template":"template-full-width.php","meta":{"footnotes":""},"class_list":["post-939","page","type-page","status-publish","hentry"],"_links":{"self":[{"href":"https:\/\/villageorgiakalives.gr\/fr\/wp-json\/wp\/v2\/pages\/939","targetHints":{"allow":["GET"]}}],"collection":[{"href":"https:\/\/villageorgiakalives.gr\/fr\/wp-json\/wp\/v2\/pages"}],"about":[{"href":"https:\/\/villageorgiakalives.gr\/fr\/wp-json\/wp\/v2\/types\/page"}],"author":[{"embeddable":true,"href":"https:\/\/villageorgiakalives.gr\/fr\/wp-json\/wp\/v2\/users\/1"}],"replies":[{"embeddable":true,"href":"https:\/\/villageorgiakalives.gr\/fr\/wp-json\/wp\/v2\/comments?post=939"}],"version-history":[{"count":2,"href":"https:\/\/villageorgiakalives.gr\/fr\/wp-json\/wp\/v2\/pages\/939\/revisions"}],"predecessor-version":[{"id":2024,"href":"https:\/\/villageorgiakalives.gr\/fr\/wp-json\/wp\/v2\/pages\/939\/revisions\/2024"}],"wp:attachment":[{"href":"https:\/\/villageorgiakalives.gr\/fr\/wp-json\/wp\/v2\/media?parent=939"}],"curies":[{"name":"wp","href":"https:\/\/api.w.org\/{rel}","templated":true}]}}