{"id":942,"date":"2016-06-06T02:32:59","date_gmt":"2016-06-06T02:32:59","guid":{"rendered":"https:\/\/www.villageorgiakalives.gr\/fr\/?page_id=942"},"modified":"2021-04-22T14:56:40","modified_gmt":"2021-04-22T12:56:40","slug":"formulaire-de-reservation","status":"publish","type":"page","link":"https:\/\/villageorgiakalives.gr\/fr\/formulaire-de-reservation\/","title":{"rendered":"Formulaire de r\u00e9servation"},"content":{"rendered":"<h5>Des moindres prix et offres sp\u00e9ciales sont possibles apr\u00e8s concertation par:<\/h5>\n<ul>\n<li>\n<h5>T\u00e9l\u00e9phone: (0030)2850-32392<\/h5>\n<\/li>\n<li>\n<h5>T\u00e9l\u00e9phone portable: (0030)697-3493922<\/h5>\n<\/li>\n<li>\n<h5>\u00a0Email: villageorgiakalyves@gmail.com<\/h5>\n<\/li>\n<\/ul>\n<div id=\"primary-fullwidth\">\n<div id=\"search-widget_IO312PWQ\"><script>!function(e,t,a,n,c,r){function s(t){e.console.log(\"[Guesty Embedded Widget]:\",t)}var i,d,l,o,y,m,g,h,p,u;n&&(i=n,d=t.getElementsByTagName(\"head\")[0],(l=t.createElement(\"link\")).rel=\"stylesheet\",l.type=\"text\/css\",l.href=i,l.media=\"all\",d.appendChild(l)),o=function(){try{e[a].create(r).catch(function(e){s(e.message)})}catch(e){s(e.message)}},h=!1,y=c,m=function(){h||this.readyState&&\"complete\"!=this.readyState||(h=!0,o())},(g=t.createElement(\"script\")).type=\"text\/javascript\",g.src=y,g.async=\"true\",g.onload=g.onreadystatechange=m,p=g,(u=t.getElementsByTagName(\"script\")[0]).parentNode.insertBefore(p,u)}(window,document,\"GuestySearchBarWidget\",\"https:\/\/s3.amazonaws.com\/guesty-frontend-production\/search-bar-production.css\",\"https:\/\/s3.amazonaws.com\/guesty-frontend-production\/search-bar-production.js\",{\"siteUrl\":\"villageorgia.hotelyzer.gr\"});<\/script><\/div>\n<\/div>\n","protected":false},"excerpt":{"rendered":"<p>Des moindres prix et offres sp\u00e9ciales sont possibles apr\u00e8s concertation par: T\u00e9l\u00e9phone: (0030)2850-32392 T\u00e9l\u00e9phone portable: (0030)697-3493922 \u00a0Email: villageorgiakalyves@gmail.com<\/p>\n","protected":false},"author":1,"featured_media":0,"parent":0,"menu_order":0,"comment_status":"closed","ping_status":"closed","template":"template-full-width.php","meta":{"footnotes":""},"class_list":["post-942","page","type-page","status-publish","hentry"],"_links":{"self":[{"href":"https:\/\/villageorgiakalives.gr\/fr\/wp-json\/wp\/v2\/pages\/942","targetHints":{"allow":["GET"]}}],"collection":[{"href":"https:\/\/villageorgiakalives.gr\/fr\/wp-json\/wp\/v2\/pages"}],"about":[{"href":"https:\/\/villageorgiakalives.gr\/fr\/wp-json\/wp\/v2\/types\/page"}],"author":[{"embeddable":true,"href":"https:\/\/villageorgiakalives.gr\/fr\/wp-json\/wp\/v2\/users\/1"}],"replies":[{"embeddable":true,"href":"https:\/\/villageorgiakalives.gr\/fr\/wp-json\/wp\/v2\/comments?post=942"}],"version-history":[{"count":2,"href":"https:\/\/villageorgiakalives.gr\/fr\/wp-json\/wp\/v2\/pages\/942\/revisions"}],"predecessor-version":[{"id":1984,"href":"https:\/\/villageorgiakalives.gr\/fr\/wp-json\/wp\/v2\/pages\/942\/revisions\/1984"}],"wp:attachment":[{"href":"https:\/\/villageorgiakalives.gr\/fr\/wp-json\/wp\/v2\/media?parent=942"}],"curies":[{"name":"wp","href":"https:\/\/api.w.org\/{rel}","templated":true}]}}