{"id":945,"date":"2016-06-06T02:55:12","date_gmt":"2016-06-06T02:55:12","guid":{"rendered":"https:\/\/www.villageorgiakalives.gr\/fr\/?page_id=945"},"modified":"2016-11-01T20:48:34","modified_gmt":"2016-11-01T20:48:34","slug":"communication","status":"publish","type":"page","link":"https:\/\/villageorgiakalives.gr\/fr\/communication\/","title":{"rendered":"Communication"},"content":{"rendered":"<div class=\"bada\">\n<h2><strong>Communication<\/strong><\/h2>\n<\/div>\n<p>N\u2019h\u00e9sitez pas \u00e0 communiquer avec nous \u00e0 propos de quoi que vous vous int\u00e9ressiez \u00e0 savoir sur \u2018Villa Georgia\u2019. On vous rendra service avec plaisir!<\/p>\n<p>Attention: s\u2019il vous pla\u00eet, corrigez les erreurs ci-apr\u00e8s et essayez de nouveau.<\/p>\n<hr \/>\n<div class=\"wpforms-container wpforms-container-full\" id=\"wpforms-985\"><form id=\"wpforms-form-985\" class=\"wpforms-validate wpforms-form\" data-formid=\"985\" method=\"post\" enctype=\"multipart\/form-data\" action=\"\/fr\/wp-json\/wp\/v2\/pages\/945\" data-token=\"10fb221fc6e656a348d9f0ae4c8e37b4\" data-token-time=\"1775962892\"><noscript class=\"wpforms-error-noscript\">Veuillez activer JavaScript dans votre navigateur pour remplir ce formulaire.<\/noscript><div class=\"wpforms-field-container\"><div id=\"wpforms-985-field_0-container\" class=\"wpforms-field wpforms-field-name\" data-field-id=\"0\"><label class=\"wpforms-field-label\" for=\"wpforms-985-field_0\">Name <span class=\"wpforms-required-label\">*<\/span><\/label><input type=\"text\" id=\"wpforms-985-field_0\" class=\"wpforms-field-medium wpforms-field-required\" name=\"wpforms[fields][0]\" required><\/div><div id=\"wpforms-985-field_1-container\" class=\"wpforms-field wpforms-field-email\" data-field-id=\"1\"><label class=\"wpforms-field-label\" for=\"wpforms-985-field_1\">E-mail <span class=\"wpforms-required-label\">*<\/span><\/label><input type=\"email\" id=\"wpforms-985-field_1\" class=\"wpforms-field-medium wpforms-field-required\" name=\"wpforms[fields][1]\" spellcheck=\"false\" required><\/div><div id=\"wpforms-985-field_2-container\" class=\"wpforms-field wpforms-field-textarea\" data-field-id=\"2\"><label class=\"wpforms-field-label\" for=\"wpforms-985-field_2\">Comment or message <span class=\"wpforms-required-label\">*<\/span><\/label><textarea id=\"wpforms-985-field_2\" class=\"wpforms-field-medium wpforms-field-required\" name=\"wpforms[fields][2]\" required><\/textarea><\/div><\/div><!-- .wpforms-field-container --><div class=\"wpforms-submit-container\" ><input type=\"hidden\" name=\"wpforms[id]\" value=\"985\"><input type=\"hidden\" name=\"page_title\" value=\"\"><input type=\"hidden\" name=\"page_url\" value=\"https:\/\/villageorgiakalives.gr\/fr\/wp-json\/wp\/v2\/pages\/945\"><input type=\"hidden\" name=\"url_referer\" value=\"\"><button type=\"submit\" name=\"wpforms[submit]\" id=\"wpforms-submit-985\" class=\"wpforms-submit\" data-alt-text=\"Sending...\" data-submit-text=\"Submit\" aria-live=\"assertive\" value=\"wpforms-submit\">Submit<\/button><\/div><\/form><\/div>  <!-- .wpforms-container -->\n","protected":false},"excerpt":{"rendered":"<p>Communication N\u2019h\u00e9sitez pas \u00e0 communiquer avec nous \u00e0 propos de quoi que vous vous int\u00e9ressiez \u00e0 savoir sur \u2018Villa Georgia\u2019. On vous rendra service avec plaisir! Attention: s\u2019il vous pla\u00eet,<\/p>\n","protected":false},"author":1,"featured_media":0,"parent":0,"menu_order":0,"comment_status":"closed","ping_status":"closed","template":"","meta":{"footnotes":""},"class_list":["post-945","page","type-page","status-publish","hentry"],"_links":{"self":[{"href":"https:\/\/villageorgiakalives.gr\/fr\/wp-json\/wp\/v2\/pages\/945","targetHints":{"allow":["GET"]}}],"collection":[{"href":"https:\/\/villageorgiakalives.gr\/fr\/wp-json\/wp\/v2\/pages"}],"about":[{"href":"https:\/\/villageorgiakalives.gr\/fr\/wp-json\/wp\/v2\/types\/page"}],"author":[{"embeddable":true,"href":"https:\/\/villageorgiakalives.gr\/fr\/wp-json\/wp\/v2\/users\/1"}],"replies":[{"embeddable":true,"href":"https:\/\/villageorgiakalives.gr\/fr\/wp-json\/wp\/v2\/comments?post=945"}],"version-history":[{"count":0,"href":"https:\/\/villageorgiakalives.gr\/fr\/wp-json\/wp\/v2\/pages\/945\/revisions"}],"wp:attachment":[{"href":"https:\/\/villageorgiakalives.gr\/fr\/wp-json\/wp\/v2\/media?parent=945"}],"curies":[{"name":"wp","href":"https:\/\/api.w.org\/{rel}","templated":true}]}}